{"id":29960,"date":"2024-12-04T00:34:42","date_gmt":"2024-12-03T23:34:42","guid":{"rendered":"https:\/\/cestudio.ch\/?page_id=29960"},"modified":"2024-12-18T23:55:41","modified_gmt":"2024-12-18T22:55:41","slug":"radio-television-suisse-rts","status":"publish","type":"page","link":"https:\/\/cestudio.ch\/?page_id=29960","title":{"rendered":"Radio T\u00e9l\u00e9vision Suisse (RTS)"},"content":{"rendered":"\t\t<div data-elementor-type=\"wp-page\" data-elementor-id=\"29960\" class=\"elementor elementor-29960\" data-elementor-post-type=\"page\">\n\t\t\t\t\t\t<section class=\"elementor-section elementor-top-section elementor-element elementor-element-4467d1a elementor-section-boxed elementor-section-height-default elementor-section-height-default\" data-id=\"4467d1a\" data-element_type=\"section\" data-e-type=\"section\">\n\t\t\t\t\t\t<div class=\"elementor-container elementor-column-gap-default\">\n\t\t\t\t\t<div class=\"elementor-column elementor-col-100 elementor-top-column elementor-element elementor-element-20f07dc\" data-id=\"20f07dc\" data-element_type=\"column\" data-e-type=\"column\">\n\t\t\t<div class=\"elementor-widget-wrap elementor-element-populated\">\n\t\t\t\t\t\t<div class=\"elementor-element elementor-element-c1199b6 elementor-widget elementor-widget-image\" data-id=\"c1199b6\" data-element_type=\"widget\" data-e-type=\"widget\" data-widget_type=\"image.default\">\n\t\t\t\t<div class=\"elementor-widget-container\">\n\t\t\t\t\t\t\t\t\t\t\t\t\t\t\t<img fetchpriority=\"high\" decoding=\"async\" width=\"300\" height=\"199\" src=\"https:\/\/cestudio.ch\/wp-content\/uploads\/2024\/12\/RTS-300x199.jpg\" class=\"attachment-medium size-medium wp-image-29975\" alt=\"\" srcset=\"https:\/\/cestudio.ch\/wp-content\/uploads\/2024\/12\/RTS-300x199.jpg 300w, https:\/\/cestudio.ch\/wp-content\/uploads\/2024\/12\/RTS.jpg 454w\" sizes=\"100vw\" \/>\t\t\t\t\t\t\t\t\t\t\t\t\t\t\t<\/div>\n\t\t\t\t<\/div>\n\t\t\t\t\t<\/div>\n\t\t<\/div>\n\t\t\t\t\t<\/div>\n\t\t<\/section>\n\t\t\t\t<section class=\"elementor-section elementor-top-section elementor-element elementor-element-1ea1817 elementor-section-boxed elementor-section-height-default elementor-section-height-default\" data-id=\"1ea1817\" data-element_type=\"section\" data-e-type=\"section\">\n\t\t\t\t\t\t<div class=\"elementor-container elementor-column-gap-default\">\n\t\t\t\t\t<div class=\"elementor-column elementor-col-100 elementor-top-column elementor-element elementor-element-439ecbe\" data-id=\"439ecbe\" data-element_type=\"column\" data-e-type=\"column\">\n\t\t\t<div class=\"elementor-widget-wrap elementor-element-populated\">\n\t\t\t\t\t\t<div class=\"elementor-element elementor-element-907f414 elementor-widget elementor-widget-text-editor\" data-id=\"907f414\" data-element_type=\"widget\" data-e-type=\"widget\" data-widget_type=\"text-editor.default\">\n\t\t\t\t<div class=\"elementor-widget-container\">\n\t\t\t\t\t\t\t\t\t<p>Chan-Won Park travaille en tant que monteur, au post-production et de l\u2019\u00e9talonnage.<\/p>\n<p>Collaborant depuis longtemps avec la RTS, il intervient r\u00e9guli\u00e8rement dans le secteur des magazines, notamment pour :<\/p>\n<p><span style=\"white-space: normal;\"><span style=\"white-space:pre\">\t<\/span>\u2022<span style=\"white-space:pre\">\t<\/span>Temps pr\u00e9sent<\/span><\/p>\n<p><span style=\"white-space: normal;\"><span style=\"white-space:pre\">\t<\/span>\u2022<span style=\"white-space:pre\">\t<\/span>Passe-moi les jumelles<\/span><\/p>\n<p><span style=\"white-space: normal;\"><span style=\"white-space:pre\">\t<\/span>\u2022<span style=\"white-space:pre\">\t<\/span>Mise au point<br><br><\/span><span style=\"white-space: pre;\">\t<\/span>\u2022<span style=\"white-space: pre;\">\t<\/span>G\u00e9opolitis<br><\/p>\n<p><span style=\"white-space: normal;\"><span style=\"white-space:pre\">\t<\/span>\u2022<span style=\"white-space:pre\">\t<\/span>36\u00b09<\/span><\/p>\n<p><span style=\"white-space: normal;\"><span style=\"white-space:pre\">\t<\/span>\u2022<span style=\"white-space:pre\">\t<\/span>Basik (TTC)<\/span><\/p>\n<p><span style=\"white-space: normal;\"><span style=\"white-space:pre\">\t<\/span>\u2022<span style=\"white-space:pre\">\t<\/span>Documentaires<\/span><\/p>\n<p><span style=\"white-space: normal;\"><span style=\"white-space:pre\">\t<\/span>\u2022<span style=\"white-space:pre\">\t<\/span>\u00c0 bon entendeur<\/span><\/p>\n<p><span style=\"white-space: normal;\"><span style=\"white-space:pre\">\t<\/span>\u2022<span style=\"white-space:pre\">\t<\/span>RTS Sport,&nbsp;<\/span><span style=\"color: var( --e-global-color-text ); font-family: var( --e-global-typography-text-font-family ), Sans-serif; font-weight: var( --e-global-typography-text-font-weight ); font-size: 1rem;\">et bien d\u2019autres.<\/span><\/p>\t\t\t\t\t\t\t\t<\/div>\n\t\t\t\t<\/div>\n\t\t\t\t\t<\/div>\n\t\t<\/div>\n\t\t\t\t\t<\/div>\n\t\t<\/section>\n\t\t\t\t<section class=\"elementor-section elementor-top-section elementor-element elementor-element-3603e96 elementor-section-boxed elementor-section-height-default elementor-section-height-default\" data-id=\"3603e96\" data-element_type=\"section\" data-e-type=\"section\">\n\t\t\t\t\t\t<div class=\"elementor-container elementor-column-gap-default\">\n\t\t\t\t\t<div class=\"elementor-column elementor-col-100 elementor-top-column elementor-element elementor-element-dd0a22c\" data-id=\"dd0a22c\" data-element_type=\"column\" data-e-type=\"column\">\n\t\t\t<div class=\"elementor-widget-wrap elementor-element-populated\">\n\t\t\t\t\t\t<div class=\"elementor-element elementor-element-eb0c5d7 elementor-widget elementor-widget-heading\" data-id=\"eb0c5d7\" data-element_type=\"widget\" data-e-type=\"widget\" data-widget_type=\"heading.default\">\n\t\t\t\t<div class=\"elementor-widget-container\">\n\t\t\t\t\t<h5 class=\"elementor-heading-title elementor-size-default\">DRA 10, au service de la Conf\u00e9d\u00e9ration | Teaser | Play Suisse<\/h5>\t\t\t\t<\/div>\n\t\t\t\t<\/div>\n\t\t\t\t<div class=\"elementor-element elementor-element-95c4323 elementor-widget elementor-widget-video\" data-id=\"95c4323\" data-element_type=\"widget\" data-e-type=\"widget\" data-settings=\"{&quot;youtube_url&quot;:&quot;https:\\\/\\\/www.youtube.com\\\/watch?v=5kMt9h3xdl8&quot;,&quot;video_type&quot;:&quot;youtube&quot;,&quot;controls&quot;:&quot;yes&quot;}\" data-widget_type=\"video.default\">\n\t\t\t\t<div class=\"elementor-widget-container\">\n\t\t\t\t\t\t\t<div class=\"elementor-wrapper elementor-open-inline\">\n\t\t\t<div class=\"elementor-video\"><\/div>\t\t<\/div>\n\t\t\t\t\t\t<\/div>\n\t\t\t\t<\/div>\n\t\t\t\t\t<\/div>\n\t\t<\/div>\n\t\t\t\t\t<\/div>\n\t\t<\/section>\n\t\t\t\t<section class=\"elementor-section elementor-top-section elementor-element elementor-element-7b4d066 elementor-section-boxed elementor-section-height-default elementor-section-height-default\" data-id=\"7b4d066\" data-element_type=\"section\" data-e-type=\"section\">\n\t\t\t\t\t\t<div class=\"elementor-container elementor-column-gap-default\">\n\t\t\t\t\t<div class=\"elementor-column elementor-col-100 elementor-top-column elementor-element elementor-element-25c6e8d\" data-id=\"25c6e8d\" data-element_type=\"column\" data-e-type=\"column\">\n\t\t\t<div class=\"elementor-widget-wrap elementor-element-populated\">\n\t\t\t\t\t\t<div class=\"elementor-element elementor-element-56dea33 elementor-widget elementor-widget-heading\" data-id=\"56dea33\" data-element_type=\"widget\" data-e-type=\"widget\" data-widget_type=\"heading.default\">\n\t\t\t\t<div class=\"elementor-widget-container\">\n\t\t\t\t\t<h5 class=\"elementor-heading-title elementor-size-default\">SRF | DOK - Schweizer Armee in riskanter Mission<\/h5>\t\t\t\t<\/div>\n\t\t\t\t<\/div>\n\t\t\t\t<div class=\"elementor-element elementor-element-f154239 elementor-widget elementor-widget-video\" data-id=\"f154239\" data-element_type=\"widget\" data-e-type=\"widget\" data-settings=\"{&quot;youtube_url&quot;:&quot;https:\\\/\\\/www.youtube.com\\\/watch?v=V_v0H8HvCL8&amp;list=LL&amp;index=52&quot;,&quot;video_type&quot;:&quot;youtube&quot;,&quot;controls&quot;:&quot;yes&quot;}\" data-widget_type=\"video.default\">\n\t\t\t\t<div class=\"elementor-widget-container\">\n\t\t\t\t\t\t\t<div class=\"elementor-wrapper elementor-open-inline\">\n\t\t\t<div class=\"elementor-video\"><\/div>\t\t<\/div>\n\t\t\t\t\t\t<\/div>\n\t\t\t\t<\/div>\n\t\t\t\t\t<\/div>\n\t\t<\/div>\n\t\t\t\t\t<\/div>\n\t\t<\/section>\n\t\t\t\t<section class=\"elementor-section elementor-top-section elementor-element elementor-element-44b6c84 elementor-section-boxed elementor-section-height-default elementor-section-height-default\" data-id=\"44b6c84\" data-element_type=\"section\" data-e-type=\"section\">\n\t\t\t\t\t\t<div class=\"elementor-container elementor-column-gap-default\">\n\t\t\t\t\t<div class=\"elementor-column elementor-col-100 elementor-top-column elementor-element elementor-element-f9d87a6\" data-id=\"f9d87a6\" data-element_type=\"column\" data-e-type=\"column\">\n\t\t\t<div class=\"elementor-widget-wrap elementor-element-populated\">\n\t\t\t\t\t\t<div class=\"elementor-element elementor-element-36ea7b4 elementor-widget elementor-widget-heading\" data-id=\"36ea7b4\" data-element_type=\"widget\" data-e-type=\"widget\" data-widget_type=\"heading.default\">\n\t\t\t\t<div class=\"elementor-widget-container\">\n\t\t\t\t\t<h5 class=\"elementor-heading-title elementor-size-default\">DOC \u00c0 LA UNE  : Russie, journal d'une ann\u00e9e de guerre<\/h5>\t\t\t\t<\/div>\n\t\t\t\t<\/div>\n\t\t\t\t<div class=\"elementor-element elementor-element-9de0346 elementor-widget elementor-widget-video\" data-id=\"9de0346\" data-element_type=\"widget\" data-e-type=\"widget\" data-settings=\"{&quot;video_type&quot;:&quot;dailymotion&quot;,&quot;controls&quot;:&quot;yes&quot;}\" data-widget_type=\"video.default\">\n\t\t\t\t<div class=\"elementor-widget-container\">\n\t\t\t\t\t\t\t<div class=\"elementor-wrapper elementor-open-inline\">\n\t\t\t<iframe class=\"elementor-video-iframe\" allowfullscreen allow=\"clipboard-write\" title=\"Lecteur vid\u00e9o dailymotion\" src=\"https:\/\/dailymotion.com\/embed\/video\/x8leme8?ui-highlight&amp;start&amp;endscreen-enable=0&amp;controls=1&amp;mute=0&amp;ui-start-screen-info=1&amp;ui-logo=1\"><\/iframe>\t\t<\/div>\n\t\t\t\t\t\t<\/div>\n\t\t\t\t<\/div>\n\t\t\t\t\t<\/div>\n\t\t<\/div>\n\t\t\t\t\t<\/div>\n\t\t<\/section>\n\t\t\t\t<section class=\"elementor-section elementor-top-section elementor-element elementor-element-05849ab elementor-section-boxed elementor-section-height-default elementor-section-height-default\" data-id=\"05849ab\" data-element_type=\"section\" data-e-type=\"section\">\n\t\t\t\t\t\t<div class=\"elementor-container elementor-column-gap-default\">\n\t\t\t\t\t<div class=\"elementor-column elementor-col-100 elementor-top-column elementor-element elementor-element-c21ab21\" data-id=\"c21ab21\" data-element_type=\"column\" data-e-type=\"column\">\n\t\t\t<div class=\"elementor-widget-wrap elementor-element-populated\">\n\t\t\t\t\t\t<div class=\"elementor-element elementor-element-e9ea30e elementor-widget elementor-widget-button\" data-id=\"e9ea30e\" data-element_type=\"widget\" data-e-type=\"widget\" data-widget_type=\"button.default\">\n\t\t\t\t<div class=\"elementor-widget-container\">\n\t\t\t\t\t\t\t\t\t<div class=\"elementor-button-wrapper\">\n\t\t\t\t\t<a class=\"elementor-button elementor-button-link elementor-size-sm\" href=\"https:\/\/www.rts.ch\/play\/tv\/-\/video\/-?urn=urn:rts:video:12887529\">\n\t\t\t\t\t\t<span class=\"elementor-button-content-wrapper\">\n\t\t\t\t\t\t\t\t\t<span class=\"elementor-button-text\">TEMPS PR\u00c9SENT - Quand le mat\u00e9riel de guerre suisse tue<\/span>\n\t\t\t\t\t<\/span>\n\t\t\t\t\t<\/a>\n\t\t\t\t<\/div>\n\t\t\t\t\t\t\t\t<\/div>\n\t\t\t\t<\/div>\n\t\t\t\t<div class=\"elementor-element elementor-element-22b5a22 elementor-widget elementor-widget-button\" data-id=\"22b5a22\" data-element_type=\"widget\" data-e-type=\"widget\" data-widget_type=\"button.default\">\n\t\t\t\t<div class=\"elementor-widget-container\">\n\t\t\t\t\t\t\t\t\t<div class=\"elementor-button-wrapper\">\n\t\t\t\t\t<a class=\"elementor-button elementor-button-link elementor-size-sm\" href=\"https:\/\/www.rts.ch\/play\/tv\/-\/video\/-?urn=urn:rts:video:11263327\">\n\t\t\t\t\t\t<span class=\"elementor-button-content-wrapper\">\n\t\t\t\t\t\t\t\t\t<span class=\"elementor-button-text\">TTC (BIG BOSS) - ALAIN BERSET COVID<\/span>\n\t\t\t\t\t<\/span>\n\t\t\t\t\t<\/a>\n\t\t\t\t<\/div>\n\t\t\t\t\t\t\t\t<\/div>\n\t\t\t\t<\/div>\n\t\t\t\t<div class=\"elementor-element elementor-element-8956a0b elementor-widget elementor-widget-button\" data-id=\"8956a0b\" data-element_type=\"widget\" data-e-type=\"widget\" data-widget_type=\"button.default\">\n\t\t\t\t<div class=\"elementor-widget-container\">\n\t\t\t\t\t\t\t\t\t<div class=\"elementor-button-wrapper\">\n\t\t\t\t\t<a class=\"elementor-button elementor-size-sm\" role=\"button\">\n\t\t\t\t\t\t<span class=\"elementor-button-content-wrapper\">\n\t\t\t\t\t\t\t\t\t<span class=\"elementor-button-text\">TTC (BIG BOSS) - PATRICK FISCHER<\/span>\n\t\t\t\t\t<\/span>\n\t\t\t\t\t<\/a>\n\t\t\t\t<\/div>\n\t\t\t\t\t\t\t\t<\/div>\n\t\t\t\t<\/div>\n\t\t\t\t<div class=\"elementor-element elementor-element-4881951 elementor-widget elementor-widget-button\" data-id=\"4881951\" data-element_type=\"widget\" data-e-type=\"widget\" data-widget_type=\"button.default\">\n\t\t\t\t<div class=\"elementor-widget-container\">\n\t\t\t\t\t\t\t\t\t<div class=\"elementor-button-wrapper\">\n\t\t\t\t\t<a class=\"elementor-button elementor-button-link elementor-size-sm\" href=\"https:\/\/www.rts.ch\/play\/tv\/-\/video\/-?urn=urn:rts:video:11790520\">\n\t\t\t\t\t\t<span class=\"elementor-button-content-wrapper\">\n\t\t\t\t\t\t\t\t\t<span class=\"elementor-button-text\">TTC (BIG BOSS) - SEVERIN SCHWANN<\/span>\n\t\t\t\t\t<\/span>\n\t\t\t\t\t<\/a>\n\t\t\t\t<\/div>\n\t\t\t\t\t\t\t\t<\/div>\n\t\t\t\t<\/div>\n\t\t\t\t<div class=\"elementor-element elementor-element-14839af elementor-widget elementor-widget-button\" data-id=\"14839af\" data-element_type=\"widget\" data-e-type=\"widget\" data-widget_type=\"button.default\">\n\t\t\t\t<div class=\"elementor-widget-container\">\n\t\t\t\t\t\t\t\t\t<div class=\"elementor-button-wrapper\">\n\t\t\t\t\t<a class=\"elementor-button elementor-button-link elementor-size-sm\" href=\"https:\/\/www.rts.ch\/play\/tv\/-\/video\/-?urn=urn:rts:video:7703512\">\n\t\t\t\t\t\t<span class=\"elementor-button-content-wrapper\">\n\t\t\t\t\t\t\t\t\t<span class=\"elementor-button-text\">BIG DATA<\/span>\n\t\t\t\t\t<\/span>\n\t\t\t\t\t<\/a>\n\t\t\t\t<\/div>\n\t\t\t\t\t\t\t\t<\/div>\n\t\t\t\t<\/div>\n\t\t\t\t\t<\/div>\n\t\t<\/div>\n\t\t\t\t\t<\/div>\n\t\t<\/section>\n\t\t\t\t<\/div>\n\t\t","protected":false},"excerpt":{"rendered":"<p>Chan-Won Park travaille en tant que monteur, au post-production et de l\u2019\u00e9talonnage. Collaborant depuis longtemps avec la RTS, il intervient r\u00e9guli\u00e8rement dans le secteur des magazines, notamment pour : \u2022 Temps pr\u00e9sent \u2022 Passe-moi les jumelles \u2022 Mise au point \u2022 G\u00e9opolitis \u2022 36\u00b09 \u2022 Basik (TTC) \u2022 Documentaires \u2022 \u00c0 bon entendeur \u2022 RTS &hellip; <\/p>\n<p class=\"link-more\"><a href=\"https:\/\/cestudio.ch\/?page_id=29960\" class=\"more-link\">Continuer la lecture<span class=\"screen-reader-text\"> de &laquo;&nbsp;Radio T\u00e9l\u00e9vision Suisse (RTS)&nbsp;&raquo;<\/span><\/a><\/p>\n","protected":false},"author":1,"featured_media":0,"parent":0,"menu_order":0,"comment_status":"closed","ping_status":"closed","template":"","meta":{"footnotes":""},"class_list":["post-29960","page","type-page","status-publish","hentry"],"_links":{"self":[{"href":"https:\/\/cestudio.ch\/index.php?rest_route=\/wp\/v2\/pages\/29960","targetHints":{"allow":["GET"]}}],"collection":[{"href":"https:\/\/cestudio.ch\/index.php?rest_route=\/wp\/v2\/pages"}],"about":[{"href":"https:\/\/cestudio.ch\/index.php?rest_route=\/wp\/v2\/types\/page"}],"author":[{"embeddable":true,"href":"https:\/\/cestudio.ch\/index.php?rest_route=\/wp\/v2\/users\/1"}],"replies":[{"embeddable":true,"href":"https:\/\/cestudio.ch\/index.php?rest_route=%2Fwp%2Fv2%2Fcomments&post=29960"}],"version-history":[{"count":49,"href":"https:\/\/cestudio.ch\/index.php?rest_route=\/wp\/v2\/pages\/29960\/revisions"}],"predecessor-version":[{"id":30518,"href":"https:\/\/cestudio.ch\/index.php?rest_route=\/wp\/v2\/pages\/29960\/revisions\/30518"}],"wp:attachment":[{"href":"https:\/\/cestudio.ch\/index.php?rest_route=%2Fwp%2Fv2%2Fmedia&parent=29960"}],"curies":[{"name":"wp","href":"https:\/\/api.w.org\/{rel}","templated":true}]}}